{"id":40,"date":"2026-04-10T15:54:46","date_gmt":"2026-04-10T15:54:46","guid":{"rendered":"https:\/\/kirchhof.dk\/wordpress_w\/?page_id=40"},"modified":"2026-04-19T09:07:43","modified_gmt":"2026-04-19T09:07:43","slug":"hvem-er-vi","status":"publish","type":"page","link":"https:\/\/staging.kirchhof.dk\/","title":{"rendered":"Hvem er vi"},"content":{"rendered":"<h1>Velkommen til Kirchhof `s Golden<\/h1>\n<h5>Vi bor p\u00e5 sk\u00f8nne M\u00f8n med natur og vand til alle sider. Vi har haft Golden retrievere i mange \u00e5r, ogs\u00e5 i min barndom. Det er som om man ikke kan undv\u00e6re dem. Nu best\u00e5r husstanden af Berta og Ollie og et par mennesker.<\/h5>\n<h5>Berta er af jagtlinjer. Jagtlinjerne er arbejdsivrige og l\u00e6renemme, men ogs\u00e5 rolige hunde hvis instinkterne bliver brugt. Det er en apporterende jagthund.<\/h5>\n<h5><span style=\"font-size: 16px; -webkit-text-size-adjust: 100%;\"><br \/>\nVi er et lille opdr\u00e6t, alle hvalpe er i huset og med i alt hvad der foreg\u00e5r. Det vigtigste for os er at opdr\u00e6tte sunde og velafbalancerede hunde. Hunde som kan bruges til jagt, sport men liges\u00e5 meget som familiehund.\u00a0<\/span><\/h5>\n<h5 data-wp-editing=\"1\"><img loading=\"lazy\" decoding=\"async\" class=\"alignnone wp-image-70 size-thumbnail\" src=\"https:\/\/staging.kirchhof.dk\/wp-content\/uploads\/2026\/04\/IMG_0185-1-150x150.jpeg\" alt=\"\" width=\"150\" height=\"150\" \/><\/h5>\n<h5><img loading=\"lazy\" decoding=\"async\" class=\"alignnone wp-image-71 size-thumbnail\" src=\"https:\/\/staging.kirchhof.dk\/wp-content\/uploads\/2026\/04\/IMG_0183-1-150x150.jpeg\" alt=\"\" width=\"150\" height=\"150\" \/><\/h5>\n","protected":false},"excerpt":{"rendered":"<p>Velkommen til Kirchhof `s Golden Vi bor p\u00e5 sk\u00f8nne M\u00f8n med natur og vand til alle sider. Vi har haft [&hellip;]<\/p>\n","protected":false},"author":1,"featured_media":0,"parent":0,"menu_order":0,"comment_status":"closed","ping_status":"closed","template":"","meta":{"site-sidebar-layout":"default","site-content-layout":"","ast-site-content-layout":"default","site-content-style":"default","site-sidebar-style":"default","ast-global-header-display":"","ast-banner-title-visibility":"","ast-main-header-display":"","ast-hfb-above-header-display":"","ast-hfb-below-header-display":"","ast-hfb-mobile-header-display":"","site-post-title":"","ast-breadcrumbs-content":"","ast-featured-img":"","footer-sml-layout":"","ast-disable-related-posts":"","theme-transparent-header-meta":"default","adv-header-id-meta":"","stick-header-meta":"","header-above-stick-meta":"","header-main-stick-meta":"","header-below-stick-meta":"","astra-migrate-meta-layouts":"set","ast-page-background-enabled":"default","ast-page-background-meta":{"desktop":{"background-color":"var(--ast-global-color-5)","background-image":"","background-repeat":"repeat","background-position":"center center","background-size":"auto","background-attachment":"scroll","background-type":"","background-media":"","overlay-type":"","overlay-color":"","overlay-opacity":"","overlay-gradient":""},"tablet":{"background-color":"","background-image":"","background-repeat":"repeat","background-position":"center center","background-size":"auto","background-attachment":"scroll","background-type":"","background-media":"","overlay-type":"","overlay-color":"","overlay-opacity":"","overlay-gradient":""},"mobile":{"background-color":"","background-image":"","background-repeat":"repeat","background-position":"center center","background-size":"auto","background-attachment":"scroll","background-type":"","background-media":"","overlay-type":"","overlay-color":"","overlay-opacity":"","overlay-gradient":""}},"ast-content-background-meta":{"desktop":{"background-color":"var(--ast-global-color-4)","background-image":"","background-repeat":"repeat","background-position":"center center","background-size":"auto","background-attachment":"scroll","background-type":"","background-media":"","overlay-type":"","overlay-color":"","overlay-opacity":"","overlay-gradient":""},"tablet":{"background-color":"var(--ast-global-color-4)","background-image":"","background-repeat":"repeat","background-position":"center center","background-size":"auto","background-attachment":"scroll","background-type":"","background-media":"","overlay-type":"","overlay-color":"","overlay-opacity":"","overlay-gradient":""},"mobile":{"background-color":"var(--ast-global-color-4)","background-image":"","background-repeat":"repeat","background-position":"center center","background-size":"auto","background-attachment":"scroll","background-type":"","background-media":"","overlay-type":"","overlay-color":"","overlay-opacity":"","overlay-gradient":""}},"footnotes":""},"class_list":["post-40","page","type-page","status-publish","hentry"],"_links":{"self":[{"href":"https:\/\/staging.kirchhof.dk\/index.php\/wp-json\/wp\/v2\/pages\/40","targetHints":{"allow":["GET"]}}],"collection":[{"href":"https:\/\/staging.kirchhof.dk\/index.php\/wp-json\/wp\/v2\/pages"}],"about":[{"href":"https:\/\/staging.kirchhof.dk\/index.php\/wp-json\/wp\/v2\/types\/page"}],"author":[{"embeddable":true,"href":"https:\/\/staging.kirchhof.dk\/index.php\/wp-json\/wp\/v2\/users\/1"}],"replies":[{"embeddable":true,"href":"https:\/\/staging.kirchhof.dk\/index.php\/wp-json\/wp\/v2\/comments?post=40"}],"version-history":[{"count":9,"href":"https:\/\/staging.kirchhof.dk\/index.php\/wp-json\/wp\/v2\/pages\/40\/revisions"}],"predecessor-version":[{"id":89,"href":"https:\/\/staging.kirchhof.dk\/index.php\/wp-json\/wp\/v2\/pages\/40\/revisions\/89"}],"wp:attachment":[{"href":"https:\/\/staging.kirchhof.dk\/index.php\/wp-json\/wp\/v2\/media?parent=40"}],"curies":[{"name":"wp","href":"https:\/\/api.w.org\/{rel}","templated":true}]}}